{"id":22,"date":"2021-03-22T15:36:40","date_gmt":"2021-03-22T19:36:40","guid":{"rendered":"https:\/\/avenuimmobilier.cp03.id-3.net\/index.php\/notre-equipe\/"},"modified":"2025-03-13T12:17:46","modified_gmt":"2025-03-13T16:17:46","slug":"a-propos","status":"publish","type":"page","link":"https:\/\/avenueimmo.com\/groupekalec\/a-propos\/","title":{"rendered":"\u00c0 propos"},"content":{"rendered":"\t\t<div data-elementor-type=\"wp-page\" data-elementor-id=\"22\" class=\"elementor elementor-22\" data-elementor-post-type=\"page\">\n\t\t\t\t\t\t\t\t\t<section class=\"elementor-section elementor-top-section elementor-element elementor-element-fd9b9cb elementor-section-boxed elementor-section-height-default elementor-section-height-default\" data-id=\"fd9b9cb\" data-element_type=\"section\">\n\t\t\t\t\t\t<div class=\"elementor-container elementor-column-gap-default\">\n\t\t\t\t\t<div class=\"elementor-column elementor-col-100 elementor-top-column elementor-element elementor-element-cf6d97c\" data-id=\"cf6d97c\" data-element_type=\"column\">\n\t\t\t<div class=\"elementor-widget-wrap elementor-element-populated\">\n\t\t\t\t\t\t\t\t<div class=\"elementor-element elementor-element-6286569 elementor-widget elementor-widget-image\" data-id=\"6286569\" data-element_type=\"widget\" data-widget_type=\"image.default\">\n\t\t\t\t<div class=\"elementor-widget-container\">\n\t\t\t\t\t\t\t\t\t\t\t\t\t\t\t<img loading=\"lazy\" decoding=\"async\" width=\"400\" height=\"400\" src=\"https:\/\/avenueimmo.com\/groupekalec\/wp-content\/uploads\/2023\/10\/ChristopherKalec_Equipe_Christopher.png\" class=\"attachment-full size-full wp-image-4390\" alt=\"\" srcset=\"https:\/\/avenueimmo.com\/groupekalec\/wp-content\/uploads\/2023\/10\/ChristopherKalec_Equipe_Christopher.png 400w, https:\/\/avenueimmo.com\/groupekalec\/wp-content\/uploads\/2023\/10\/ChristopherKalec_Equipe_Christopher-300x300.png 300w, https:\/\/avenueimmo.com\/groupekalec\/wp-content\/uploads\/2023\/10\/ChristopherKalec_Equipe_Christopher-150x150.png 150w\" sizes=\"(max-width: 400px) 100vw, 400px\" \/>\t\t\t\t\t\t\t\t\t\t\t\t\t\t\t<\/div>\n\t\t\t\t<\/div>\n\t\t\t\t<div class=\"elementor-element elementor-element-c078ffe underline elementor-invisible elementor-widget elementor-widget-heading\" data-id=\"c078ffe\" data-element_type=\"widget\" data-settings=\"{&quot;motion_fx_motion_fx_scrolling&quot;:&quot;yes&quot;,&quot;_animation&quot;:&quot;slideInDown&quot;,&quot;motion_fx_devices&quot;:[&quot;desktop&quot;,&quot;tablet&quot;,&quot;mobile&quot;]}\" data-widget_type=\"heading.default\">\n\t\t\t\t<div class=\"elementor-widget-container\">\n\t\t\t<h2 class=\"elementor-heading-title elementor-size-default\">\u00e0 propos de Christopher<\/h2>\t\t<\/div>\n\t\t\t\t<\/div>\n\t\t\t\t<div class=\"elementor-element elementor-element-b7da377 elementor-widget elementor-widget-text-editor\" data-id=\"b7da377\" data-element_type=\"widget\" data-widget_type=\"text-editor.default\">\n\t\t\t\t<div class=\"elementor-widget-container\">\n\t\t\t\t\t\t\t<p>Courtier d&rsquo;exception<\/p>\t\t\t\t\t\t<\/div>\n\t\t\t\t<\/div>\n\t\t\t\t<div class=\"elementor-element elementor-element-2fa5dab elementor-widget__width-initial elementor-widget elementor-widget-text-editor\" data-id=\"2fa5dab\" data-element_type=\"widget\" data-widget_type=\"text-editor.default\">\n\t\t\t\t<div class=\"elementor-widget-container\">\n\t\t\t\t\t\t\t<p>Christopher Kalec est un p\u00e8re de famille, un athl\u00e8te olympique, un homme d\u2019affaires et un passionn\u00e9 d\u2019immobilier. Il est un expert immobilier du march\u00e9 de Saint-Lambert, o\u00f9 il r\u00e9side pr\u00e9sentement avec sa famille dans une maison qu&rsquo;il a r\u00e9nov\u00e9e au fil des ann\u00e9es.<br \/>Ses strat\u00e9gies de marketing dynamiques, ses solides niveaux de service et son approche professionnelle lui ont permis de r\u00e9aliser plusieurs ventes record \u00e0 Saint-Lambert avec plus de 150 ventes dans cette belle ville.<\/p>\t\t\t\t\t\t<\/div>\n\t\t\t\t<\/div>\n\t\t\t\t\t<\/div>\n\t\t<\/div>\n\t\t\t\t\t\t\t<\/div>\n\t\t<\/section>\n\t\t\t\t<section class=\"elementor-section elementor-top-section elementor-element elementor-element-dc653dc elementor-section-boxed elementor-section-height-default elementor-section-height-default\" data-id=\"dc653dc\" data-element_type=\"section\">\n\t\t\t\t\t\t<div class=\"elementor-container elementor-column-gap-default\">\n\t\t\t\t\t<div class=\"elementor-column elementor-col-100 elementor-top-column elementor-element elementor-element-b8b8cca\" data-id=\"b8b8cca\" data-element_type=\"column\">\n\t\t\t<div class=\"elementor-widget-wrap elementor-element-populated\">\n\t\t\t\t\t\t\t\t<div class=\"elementor-element elementor-element-7e9ede3 elementor-widget elementor-widget-text-editor\" data-id=\"7e9ede3\" data-element_type=\"widget\" data-widget_type=\"text-editor.default\">\n\t\t\t\t<div class=\"elementor-widget-container\">\n\t\t\t\t\t\t\t<p>Vente Locale. Cl\u00e9 du succ\u00e8s.<\/p>\t\t\t\t\t\t<\/div>\n\t\t\t\t<\/div>\n\t\t\t\t<div class=\"elementor-element elementor-element-dfb5b63 underline-right elementor-widget elementor-widget-heading\" data-id=\"dfb5b63\" data-element_type=\"widget\" data-widget_type=\"heading.default\">\n\t\t\t\t<div class=\"elementor-widget-container\">\n\t\t\t<h2 class=\"elementor-heading-title elementor-size-default\">Courtiers associ\u00e9s<\/h2>\t\t<\/div>\n\t\t\t\t<\/div>\n\t\t\t\t\t<\/div>\n\t\t<\/div>\n\t\t\t\t\t\t\t<\/div>\n\t\t<\/section>\n\t\t<div class=\"elementor-element elementor-element-30297ab equipe__image--content e-flex e-con-boxed e-con e-parent\" data-id=\"30297ab\" data-element_type=\"container\" data-settings=\"{&quot;content_width&quot;:&quot;boxed&quot;}\" data-core-v316-plus=\"true\">\n\t\t\t\t\t<div class=\"e-con-inner\">\n\t\t<div class=\"elementor-element elementor-element-35dd780 e-con-full e-flex e-con e-child\" data-id=\"35dd780\" data-element_type=\"container\" data-settings=\"{&quot;content_width&quot;:&quot;full&quot;}\">\n\t\t\t\t<div class=\"elementor-element elementor-element-82247a2 equipe__image--boite elementor-position-top elementor-widget elementor-widget-image-box\" data-id=\"82247a2\" data-element_type=\"widget\" data-widget_type=\"image-box.default\">\n\t\t\t\t<div class=\"elementor-widget-container\">\n\t\t\t<div class=\"elementor-image-box-wrapper\"><figure class=\"elementor-image-box-img\"><img loading=\"lazy\" decoding=\"async\" width=\"300\" height=\"300\" src=\"https:\/\/avenueimmo.com\/groupekalec\/wp-content\/uploads\/2022\/08\/ChristopherKalec_Equipe_Valerie.png\" class=\"attachment-full size-full wp-image-4112\" alt=\"\" srcset=\"https:\/\/avenueimmo.com\/groupekalec\/wp-content\/uploads\/2022\/08\/ChristopherKalec_Equipe_Valerie.png 300w, https:\/\/avenueimmo.com\/groupekalec\/wp-content\/uploads\/2022\/08\/ChristopherKalec_Equipe_Valerie-150x150.png 150w\" sizes=\"(max-width: 300px) 100vw, 300px\" \/><\/figure><div class=\"elementor-image-box-content\"><h3 class=\"elementor-image-box-title\">Val\u00e9rie Mcleod<br \/ ><span>Courtier immobilier r\u00e9sidentiel<\/span><\/h3><\/div><\/div>\t\t<\/div>\n\t\t\t\t<\/div>\n\t\t\t\t<\/div>\n\t\t<div class=\"elementor-element elementor-element-76c5ddb e-con-full e-flex e-con e-child\" data-id=\"76c5ddb\" data-element_type=\"container\" data-settings=\"{&quot;content_width&quot;:&quot;full&quot;}\">\n\t\t\t\t<div class=\"elementor-element elementor-element-9e6d652 equipe__image--boite elementor-position-top elementor-widget elementor-widget-image-box\" data-id=\"9e6d652\" data-element_type=\"widget\" data-widget_type=\"image-box.default\">\n\t\t\t\t<div class=\"elementor-widget-container\">\n\t\t\t<div class=\"elementor-image-box-wrapper\"><figure class=\"elementor-image-box-img\"><img loading=\"lazy\" decoding=\"async\" width=\"300\" height=\"300\" src=\"https:\/\/avenueimmo.com\/groupekalec\/wp-content\/uploads\/2025\/03\/ChristopherKalec_Equipe_Flavie.png\" class=\"attachment-full size-full wp-image-4646\" alt=\"\" srcset=\"https:\/\/avenueimmo.com\/groupekalec\/wp-content\/uploads\/2025\/03\/ChristopherKalec_Equipe_Flavie.png 300w, https:\/\/avenueimmo.com\/groupekalec\/wp-content\/uploads\/2025\/03\/ChristopherKalec_Equipe_Flavie-150x150.png 150w\" sizes=\"(max-width: 300px) 100vw, 300px\" \/><\/figure><div class=\"elementor-image-box-content\"><h3 class=\"elementor-image-box-title\">Flavie Gu\u00e9vin<br \/><span>Courtier immobilier r\u00e9sidentiel<\/span><\/h3><\/div><\/div>\t\t<\/div>\n\t\t\t\t<\/div>\n\t\t\t\t<\/div>\n\t\t\t\t\t<\/div>\n\t\t\t\t<\/div>\n\t\t<div class=\"elementor-element elementor-element-b8f6589 equipe__image--content elementor-hidden-desktop elementor-hidden-tablet elementor-hidden-mobile e-flex e-con-boxed e-con e-parent\" data-id=\"b8f6589\" data-element_type=\"container\" data-settings=\"{&quot;content_width&quot;:&quot;boxed&quot;}\" data-core-v316-plus=\"true\">\n\t\t\t\t\t<div class=\"e-con-inner\">\n\t\t<div class=\"elementor-element elementor-element-6c55178 e-con-full e-flex e-con e-child\" data-id=\"6c55178\" data-element_type=\"container\" data-settings=\"{&quot;content_width&quot;:&quot;full&quot;}\">\n\t\t\t\t<div class=\"elementor-element elementor-element-d906501 equipe__image--boite elementor-position-top elementor-widget elementor-widget-image-box\" data-id=\"d906501\" data-element_type=\"widget\" data-widget_type=\"image-box.default\">\n\t\t\t\t<div class=\"elementor-widget-container\">\n\t\t\t<div class=\"elementor-image-box-wrapper\"><figure class=\"elementor-image-box-img\"><img loading=\"lazy\" decoding=\"async\" width=\"400\" height=\"400\" src=\"https:\/\/avenueimmo.com\/groupekalec\/wp-content\/uploads\/2023\/10\/ChristopherKalec_Equipe_Christopher.png\" class=\"attachment-full size-full wp-image-4390\" alt=\"\" srcset=\"https:\/\/avenueimmo.com\/groupekalec\/wp-content\/uploads\/2023\/10\/ChristopherKalec_Equipe_Christopher.png 400w, https:\/\/avenueimmo.com\/groupekalec\/wp-content\/uploads\/2023\/10\/ChristopherKalec_Equipe_Christopher-300x300.png 300w, https:\/\/avenueimmo.com\/groupekalec\/wp-content\/uploads\/2023\/10\/ChristopherKalec_Equipe_Christopher-150x150.png 150w\" sizes=\"(max-width: 400px) 100vw, 400px\" \/><\/figure><div class=\"elementor-image-box-content\"><h3 class=\"elementor-image-box-title\">Christopher Kalec<br \/ ><span>Courtier immobilier<br \/>commercial et r\u00e9sidentiel<\/span><\/h3><\/div><\/div>\t\t<\/div>\n\t\t\t\t<\/div>\n\t\t\t\t<\/div>\n\t\t<div class=\"elementor-element elementor-element-c702b8e e-con-full e-flex e-con e-child\" data-id=\"c702b8e\" data-element_type=\"container\" data-settings=\"{&quot;content_width&quot;:&quot;full&quot;}\">\n\t\t\t\t<div class=\"elementor-element elementor-element-ad23536 equipe__image--boite elementor-position-top elementor-widget elementor-widget-image-box\" data-id=\"ad23536\" data-element_type=\"widget\" data-widget_type=\"image-box.default\">\n\t\t\t\t<div class=\"elementor-widget-container\">\n\t\t\t<div class=\"elementor-image-box-wrapper\"><figure class=\"elementor-image-box-img\"><img loading=\"lazy\" decoding=\"async\" width=\"300\" height=\"300\" src=\"https:\/\/avenueimmo.com\/groupekalec\/wp-content\/uploads\/2022\/08\/ChristopherKalec_Equipe_Valerie.png\" class=\"attachment-full size-full wp-image-4112\" alt=\"\" srcset=\"https:\/\/avenueimmo.com\/groupekalec\/wp-content\/uploads\/2022\/08\/ChristopherKalec_Equipe_Valerie.png 300w, https:\/\/avenueimmo.com\/groupekalec\/wp-content\/uploads\/2022\/08\/ChristopherKalec_Equipe_Valerie-150x150.png 150w\" sizes=\"(max-width: 300px) 100vw, 300px\" \/><\/figure><div class=\"elementor-image-box-content\"><h3 class=\"elementor-image-box-title\">Val\u00e9rie Mcleod<br \/ ><span>Courtier immobilier r\u00e9sidentiel<\/span><\/h3><\/div><\/div>\t\t<\/div>\n\t\t\t\t<\/div>\n\t\t\t\t<\/div>\n\t\t<div class=\"elementor-element elementor-element-8a1b8bc e-con-full e-flex e-con e-child\" data-id=\"8a1b8bc\" data-element_type=\"container\" data-settings=\"{&quot;content_width&quot;:&quot;full&quot;}\">\n\t\t\t\t<div class=\"elementor-element elementor-element-e5d31d8 equipe__image--boite elementor-position-top elementor-widget elementor-widget-image-box\" data-id=\"e5d31d8\" data-element_type=\"widget\" data-widget_type=\"image-box.default\">\n\t\t\t\t<div class=\"elementor-widget-container\">\n\t\t\t<div class=\"elementor-image-box-wrapper\"><figure class=\"elementor-image-box-img\"><img loading=\"lazy\" decoding=\"async\" width=\"300\" height=\"300\" src=\"https:\/\/avenueimmo.com\/groupekalec\/wp-content\/uploads\/2022\/07\/ChristopherKalec_Equipe_Michele.png\" class=\"attachment-full size-full wp-image-4080\" alt=\"\" srcset=\"https:\/\/avenueimmo.com\/groupekalec\/wp-content\/uploads\/2022\/07\/ChristopherKalec_Equipe_Michele.png 300w, https:\/\/avenueimmo.com\/groupekalec\/wp-content\/uploads\/2022\/07\/ChristopherKalec_Equipe_Michele-150x150.png 150w\" sizes=\"(max-width: 300px) 100vw, 300px\" \/><\/figure><div class=\"elementor-image-box-content\"><h3 class=\"elementor-image-box-title\">Mich\u00e8le Bertrand<br \/><span>Courtier immobilier<br \/>commercial et r\u00e9sidentiel<\/span><\/h3><\/div><\/div>\t\t<\/div>\n\t\t\t\t<\/div>\n\t\t\t\t<\/div>\n\t\t\t\t\t<\/div>\n\t\t\t\t<\/div>\n\t\t\t\t\t\t\t<\/div>\n\t\t","protected":false},"excerpt":{"rendered":"<p>\u00e0 propos de Christopher Courtier d&rsquo;exception Christopher Kalec est un p\u00e8re de famille, un athl\u00e8te olympique, un homme d\u2019affaires et un passionn\u00e9 d\u2019immobilier. Il est un expert immobilier du march\u00e9 de Saint-Lambert, o\u00f9 il r\u00e9side pr\u00e9sentement avec sa famille dans une maison qu&rsquo;il a r\u00e9nov\u00e9e au fil des ann\u00e9es.Ses strat\u00e9gies de marketing dynamiques, ses solides [&hellip;]<\/p>\n","protected":false},"author":1,"featured_media":0,"parent":0,"menu_order":0,"comment_status":"closed","ping_status":"closed","template":"","meta":{"footnotes":""},"_links":{"self":[{"href":"https:\/\/avenueimmo.com\/groupekalec\/wp-json\/wp\/v2\/pages\/22"}],"collection":[{"href":"https:\/\/avenueimmo.com\/groupekalec\/wp-json\/wp\/v2\/pages"}],"about":[{"href":"https:\/\/avenueimmo.com\/groupekalec\/wp-json\/wp\/v2\/types\/page"}],"author":[{"embeddable":true,"href":"https:\/\/avenueimmo.com\/groupekalec\/wp-json\/wp\/v2\/users\/1"}],"replies":[{"embeddable":true,"href":"https:\/\/avenueimmo.com\/groupekalec\/wp-json\/wp\/v2\/comments?post=22"}],"version-history":[{"count":239,"href":"https:\/\/avenueimmo.com\/groupekalec\/wp-json\/wp\/v2\/pages\/22\/revisions"}],"predecessor-version":[{"id":4650,"href":"https:\/\/avenueimmo.com\/groupekalec\/wp-json\/wp\/v2\/pages\/22\/revisions\/4650"}],"wp:attachment":[{"href":"https:\/\/avenueimmo.com\/groupekalec\/wp-json\/wp\/v2\/media?parent=22"}],"curies":[{"name":"wp","href":"https:\/\/api.w.org\/{rel}","templated":true}]}}